{"id":8613,"date":"2024-03-26T19:40:16","date_gmt":"2024-03-26T19:40:16","guid":{"rendered":"https:\/\/kuto.ca\/?page_id=8613"},"modified":"2024-06-25T18:06:57","modified_gmt":"2024-06-25T18:06:57","slug":"about-us","status":"publish","type":"page","link":"https:\/\/kuto.ca\/en\/about-us\/","title":{"rendered":"About us"},"content":{"rendered":"\t\t<div data-elementor-type=\"wp-page\" data-elementor-id=\"8613\" class=\"elementor elementor-8613 elementor-6594\" data-elementor-post-type=\"page\">\n\t\t\t\t<div data-particle_enable=\"false\" data-particle-mobile-disabled=\"false\" class=\"elementor-element elementor-element-4219afc e-con-full e-flex e-con e-parent\" data-id=\"4219afc\" data-element_type=\"container\" data-e-type=\"container\" data-settings=\"{&quot;background_background&quot;:&quot;classic&quot;}\">\n\t\t<div data-particle_enable=\"false\" data-particle-mobile-disabled=\"false\" class=\"elementor-element elementor-element-dff1573 e-flex e-con-boxed e-con e-child\" data-id=\"dff1573\" data-element_type=\"container\" data-e-type=\"container\" data-settings=\"{&quot;background_background&quot;:&quot;classic&quot;}\">\n\t\t\t\t\t<div class=\"e-con-inner\">\n\t\t<div data-particle_enable=\"false\" data-particle-mobile-disabled=\"false\" class=\"elementor-element elementor-element-0d1e8f2 e-flex e-con-boxed e-con e-child\" data-id=\"0d1e8f2\" data-element_type=\"container\" data-e-type=\"container\">\n\t\t\t\t\t<div class=\"e-con-inner\">\n\t\t\t\t<div class=\"elementor-element elementor-element-7783b34 elementor-widget elementor-widget-heading\" data-id=\"7783b34\" data-element_type=\"widget\" data-e-type=\"widget\" data-widget_type=\"heading.default\">\n\t\t\t\t<div class=\"elementor-widget-container\">\n\t\t\t\t\t<h2 class=\"elementor-heading-title elementor-size-default\">learn more<br>about k\u00fcto<\/h2>\t\t\t\t<\/div>\n\t\t\t\t<\/div>\n\t\t\t\t<div class=\"elementor-element elementor-element-4118827 elementor-hidden-tablet elementor-hidden-mobile elementor-widget elementor-widget-heading\" data-id=\"4118827\" data-element_type=\"widget\" data-e-type=\"widget\" data-widget_type=\"heading.default\">\n\t\t\t\t<div class=\"elementor-widget-container\">\n\t\t\t\t\t<h2 class=\"elementor-heading-title elementor-size-default\">Our history<\/h2>\t\t\t\t<\/div>\n\t\t\t\t<\/div>\n\t\t\t\t\t<\/div>\n\t\t\t\t<\/div>\n\t\t\t\t\t<\/div>\n\t\t\t\t<\/div>\n\t\t\t\t<div class=\"elementor-element elementor-element-9222e34 elementor-view-default elementor-widget elementor-widget-icon\" data-id=\"9222e34\" data-element_type=\"widget\" data-e-type=\"widget\" data-widget_type=\"icon.default\">\n\t\t\t\t<div class=\"elementor-widget-container\">\n\t\t\t\t\t\t\t<div class=\"elementor-icon-wrapper\">\n\t\t\t<a class=\"elementor-icon\" href=\"#arrow_destination\">\n\t\t\t<svg xmlns=\"http:\/\/www.w3.org\/2000\/svg\" width=\"116\" height=\"66\" viewBox=\"0 0 116 66\" fill=\"none\"><path d=\"M17.5787 28.2988C14.7466 36.084 8.28424 43 0 43H116C107.716 43 101.253 36.084 98.4213 28.2988C92.4156 11.7902 76.5846 0 58 0C39.4154 0 23.5844 11.7902 17.5787 28.2988Z\" fill=\"#3A4342\"><\/path><path d=\"M58 65.25C44.6071 65.25 33.75 54.3929 33.75 41C33.75 27.6071 44.6071 16.75 58 16.75C71.3929 16.75 82.25 27.6071 82.25 41C82.25 54.3929 71.3929 65.25 58 65.25Z\" stroke=\"#E4DDCB\" stroke-opacity=\"0.45\" stroke-width=\"1.5\"><\/path><path d=\"M67 42.4181L58 51L49 42.4181M58 31L58 50.9745\" stroke=\"#E4DDCB\" stroke-width=\"1.3\" stroke-miterlimit=\"10\" stroke-linecap=\"round\" stroke-linejoin=\"round\"><\/path><\/svg>\t\t\t<\/a>\n\t\t<\/div>\n\t\t\t\t\t\t<\/div>\n\t\t\t\t<\/div>\n\t\t\t\t<\/div>\n\t\t<div data-particle_enable=\"false\" data-particle-mobile-disabled=\"false\" class=\"elementor-element elementor-element-b65c7c9 e-flex e-con-boxed e-con e-parent\" data-id=\"b65c7c9\" data-element_type=\"container\" data-e-type=\"container\">\n\t\t\t\t\t<div class=\"e-con-inner\">\n\t\t\t\t<div class=\"elementor-element elementor-element-26db0bf elementor-widget elementor-widget-heading\" data-id=\"26db0bf\" data-element_type=\"widget\" data-e-type=\"widget\" id=\"arrow_destination\" data-widget_type=\"heading.default\">\n\t\t\t\t<div class=\"elementor-widget-container\">\n\t\t\t\t\t<h2 class=\"elementor-heading-title elementor-size-default\">THE K\u00dcTO CONCEPT<\/h2>\t\t\t\t<\/div>\n\t\t\t\t<\/div>\n\t\t\t\t<div class=\"elementor-element elementor-element-9cb4ec1 elementor-widget__width-initial elementor-widget-tablet__width-initial elementor-widget elementor-widget-text-editor\" data-id=\"9cb4ec1\" data-element_type=\"widget\" data-e-type=\"widget\" data-widget_type=\"text-editor.default\">\n\t\t\t\t<div class=\"elementor-widget-container\">\n\t\t\t\t\t\t\t\t\tWelcome to K\u00fcto, where flavour meets freshness, and where every bite of our generous dishes is filled with creative, carefully chosen ingredients. Our unique concept lets you enjoy our menu items at home or in our dining room. Foodies, come discover our delicious and perfectly balanced creations, each more impressive than the next. Join us for an unforgettable flavour journey!\t\t\t\t\t\t\t\t<\/div>\n\t\t\t\t<\/div>\n\t\t<div data-particle_enable=\"false\" data-particle-mobile-disabled=\"false\" class=\"elementor-element elementor-element-27cd2d3 e-flex e-con-boxed e-con e-child\" data-id=\"27cd2d3\" data-element_type=\"container\" data-e-type=\"container\">\n\t\t\t\t\t<div class=\"e-con-inner\">\n\t\t\t\t<div class=\"elementor-element elementor-element-9d4f584 elementor-align-center elementor-mobile-align-justify elementor-widget-mobile__width-inherit elementor-widget elementor-widget-button\" data-id=\"9d4f584\" data-element_type=\"widget\" data-e-type=\"widget\" data-widget_type=\"button.default\">\n\t\t\t\t<div class=\"elementor-widget-container\">\n\t\t\t\t\t\t\t\t\t<div class=\"elementor-button-wrapper\">\n\t\t\t\t\t<a class=\"elementor-button elementor-button-link elementor-size-sm\" href=\"http:\/\/locations-list\/\">\n\t\t\t\t\t\t<span class=\"elementor-button-content-wrapper\">\n\t\t\t\t\t\t\t\t\t<span class=\"elementor-button-text\">Find a location<\/span>\n\t\t\t\t\t<\/span>\n\t\t\t\t\t<\/a>\n\t\t\t\t<\/div>\n\t\t\t\t\t\t\t\t<\/div>\n\t\t\t\t<\/div>\n\t\t\t\t<div class=\"elementor-element elementor-element-9687945 elementor-align-center elementor-mobile-align-justify elementor-widget-mobile__width-inherit elementor-widget elementor-widget-button\" data-id=\"9687945\" data-element_type=\"widget\" data-e-type=\"widget\" data-widget_type=\"button.default\">\n\t\t\t\t<div class=\"elementor-widget-container\">\n\t\t\t\t\t\t\t\t\t<div class=\"elementor-button-wrapper\">\n\t\t\t\t\t<a class=\"elementor-button elementor-button-link elementor-size-sm\" href=\"\/en\/menu\/\">\n\t\t\t\t\t\t<span class=\"elementor-button-content-wrapper\">\n\t\t\t\t\t\t\t\t\t<span class=\"elementor-button-text\">Discover our menu<\/span>\n\t\t\t\t\t<\/span>\n\t\t\t\t\t<\/a>\n\t\t\t\t<\/div>\n\t\t\t\t\t\t\t\t<\/div>\n\t\t\t\t<\/div>\n\t\t\t\t\t<\/div>\n\t\t\t\t<\/div>\n\t\t\t\t\t<\/div>\n\t\t\t\t<\/div>\n\t\t\t\t<\/div>\n\t\t","protected":false},"excerpt":{"rendered":"<p>learn moreabout k\u00fcto Our history THE K\u00dcTO CONCEPT Welcome to K\u00fcto, where flavour meets freshness, and where every bite of our generous dishes is filled with creative, carefully chosen ingredients. Our unique concept lets you enjoy our menu items at home or in our dining room. Foodies, come discover our delicious and perfectly balanced creations, [&hellip;]<\/p>\n","protected":false},"author":7,"featured_media":0,"parent":0,"menu_order":0,"comment_status":"closed","ping_status":"closed","template":"ueat_kuto-template-fr-ca.php","meta":{"footnotes":""},"class_list":["post-8613","page","type-page","status-publish","hentry"],"_links":{"self":[{"href":"https:\/\/kuto.ca\/en\/wp-json\/wp\/v2\/pages\/8613","targetHints":{"allow":["GET"]}}],"collection":[{"href":"https:\/\/kuto.ca\/en\/wp-json\/wp\/v2\/pages"}],"about":[{"href":"https:\/\/kuto.ca\/en\/wp-json\/wp\/v2\/types\/page"}],"author":[{"embeddable":true,"href":"https:\/\/kuto.ca\/en\/wp-json\/wp\/v2\/users\/7"}],"replies":[{"embeddable":true,"href":"https:\/\/kuto.ca\/en\/wp-json\/wp\/v2\/comments?post=8613"}],"version-history":[{"count":5,"href":"https:\/\/kuto.ca\/en\/wp-json\/wp\/v2\/pages\/8613\/revisions"}],"predecessor-version":[{"id":13109,"href":"https:\/\/kuto.ca\/en\/wp-json\/wp\/v2\/pages\/8613\/revisions\/13109"}],"wp:attachment":[{"href":"https:\/\/kuto.ca\/en\/wp-json\/wp\/v2\/media?parent=8613"}],"curies":[{"name":"wp","href":"https:\/\/api.w.org\/{rel}","templated":true}]}}